{"id":2221,"date":"2023-07-19T15:21:48","date_gmt":"2023-07-19T20:21:48","guid":{"rendered":"http:\/\/www.alhersaperfiletto.com.mx\/?page_id=2221"},"modified":"2023-10-13T20:17:12","modified_gmt":"2023-10-14T01:17:12","slug":"puerta-batiente-toscana","status":"publish","type":"page","link":"https:\/\/www.alhersaperfiletto.com.mx\/?page_id=2221","title":{"rendered":"Puerta Batiente Toscana"},"content":{"rendered":"\t\t<div data-elementor-type=\"wp-page\" data-elementor-id=\"2221\" class=\"elementor elementor-2221\">\n\t\t\t\t\t\t<section class=\"elementor-section elementor-top-section elementor-element elementor-element-8305a19 elementor-section-boxed elementor-section-height-default elementor-section-height-default\" data-id=\"8305a19\" data-element_type=\"section\" data-e-type=\"section\">\n\t\t\t\t\t\t<div class=\"elementor-container elementor-column-gap-default\">\n\t\t\t\t\t<div class=\"elementor-column elementor-col-100 elementor-top-column elementor-element elementor-element-1bb57db\" data-id=\"1bb57db\" data-element_type=\"column\" data-e-type=\"column\">\n\t\t\t<div class=\"elementor-widget-wrap elementor-element-populated\">\n\t\t\t\t\t\t<div class=\"elementor-element elementor-element-bbfec9a elementor-widget elementor-widget-heading\" data-id=\"bbfec9a\" data-element_type=\"widget\" data-e-type=\"widget\" data-widget_type=\"heading.default\">\n\t\t\t\t<div class=\"elementor-widget-container\">\n\t\t\t\t\t<h2 class=\"elementor-heading-title elementor-size-default\">Puerta Batiente Toscana<\/h2>\t\t\t\t<\/div>\n\t\t\t\t<\/div>\n\t\t\t\t<div class=\"elementor-element elementor-element-c7aa4c0 elementor-widget-divider--view-line elementor-widget elementor-widget-divider\" data-id=\"c7aa4c0\" data-element_type=\"widget\" data-e-type=\"widget\" data-widget_type=\"divider.default\">\n\t\t\t\t<div class=\"elementor-widget-container\">\n\t\t\t\t\t\t\t<div class=\"elementor-divider\">\n\t\t\t<span class=\"elementor-divider-separator\">\n\t\t\t\t\t\t<\/span>\n\t\t<\/div>\n\t\t\t\t\t\t<\/div>\n\t\t\t\t<\/div>\n\t\t\t\t\t<\/div>\n\t\t<\/div>\n\t\t\t\t\t<\/div>\n\t\t<\/section>\n\t\t\t\t<section class=\"elementor-section elementor-top-section elementor-element elementor-element-70f9ffb elementor-section-boxed elementor-section-height-default elementor-section-height-default\" data-id=\"70f9ffb\" data-element_type=\"section\" data-e-type=\"section\">\n\t\t\t\t\t\t<div class=\"elementor-container elementor-column-gap-default\">\n\t\t\t\t\t<div class=\"elementor-column elementor-col-66 elementor-top-column elementor-element elementor-element-e932af3\" data-id=\"e932af3\" data-element_type=\"column\" data-e-type=\"column\">\n\t\t\t<div class=\"elementor-widget-wrap elementor-element-populated\">\n\t\t\t\t\t\t<div class=\"elementor-element elementor-element-9d6b015 elementor-widget elementor-widget-image-gallery\" data-id=\"9d6b015\" data-element_type=\"widget\" data-e-type=\"widget\" data-widget_type=\"image-gallery.default\">\n\t\t\t\t<div class=\"elementor-widget-container\">\n\t\t\t\t\t\t\t<div class=\"elementor-image-gallery\">\n\t\t\t<div id='gallery-1' class='gallery galleryid-2221 gallery-columns-3 gallery-size-full'><figure class='gallery-item'>\n\t\t\t<div class='gallery-icon landscape'>\n\t\t\t\t<a data-elementor-open-lightbox=\"yes\" data-elementor-lightbox-slideshow=\"9d6b015\" data-elementor-lightbox-title=\"2361 - Cuadrado 13mm\" data-e-action-hash=\"#elementor-action%3Aaction%3Dlightbox%26settings%3DeyJpZCI6MjY4OCwidXJsIjoiaHR0cHM6XC9cL3d3dy5hbGhlcnNhcGVyZmlsZXR0by5jb20ubXhcL3dwLWNvbnRlbnRcL3VwbG9hZHNcLzIwMjNcLzA3XC9QdWVydGEtQmF0aWVudGUtVG9zY2FuYS5wbmciLCJzbGlkZXNob3ciOiI5ZDZiMDE1In0%3D\" href='https:\/\/www.alhersaperfiletto.com.mx\/wp-content\/uploads\/2023\/07\/Puerta-Batiente-Toscana.png'><img fetchpriority=\"high\" decoding=\"async\" width=\"2000\" height=\"1428\" src=\"https:\/\/www.alhersaperfiletto.com.mx\/wp-content\/uploads\/2023\/07\/Puerta-Batiente-Toscana.png\" class=\"attachment-full size-full\" alt=\"\" srcset=\"https:\/\/www.alhersaperfiletto.com.mx\/wp-content\/uploads\/2023\/07\/Puerta-Batiente-Toscana.png 2000w, https:\/\/www.alhersaperfiletto.com.mx\/wp-content\/uploads\/2023\/07\/Puerta-Batiente-Toscana-300x214.png 300w, https:\/\/www.alhersaperfiletto.com.mx\/wp-content\/uploads\/2023\/07\/Puerta-Batiente-Toscana-1024x731.png 1024w, https:\/\/www.alhersaperfiletto.com.mx\/wp-content\/uploads\/2023\/07\/Puerta-Batiente-Toscana-768x548.png 768w, https:\/\/www.alhersaperfiletto.com.mx\/wp-content\/uploads\/2023\/07\/Puerta-Batiente-Toscana-1536x1097.png 1536w, https:\/\/www.alhersaperfiletto.com.mx\/wp-content\/uploads\/2023\/07\/Puerta-Batiente-Toscana-600x428.png 600w\" sizes=\"(max-width: 2000px) 100vw, 2000px\" \/><\/a>\n\t\t\t<\/div><\/figure><figure class='gallery-item'>\n\t\t\t<div class='gallery-icon landscape'>\n\t\t\t\t<a data-elementor-open-lightbox=\"yes\" data-elementor-lightbox-slideshow=\"9d6b015\" data-elementor-lightbox-title=\"4046 - Soporte\" data-e-action-hash=\"#elementor-action%3Aaction%3Dlightbox%26settings%3DeyJpZCI6MjY4NywidXJsIjoiaHR0cHM6XC9cL3d3dy5hbGhlcnNhcGVyZmlsZXR0by5jb20ubXhcL3dwLWNvbnRlbnRcL3VwbG9hZHNcLzIwMjNcLzA3XC9QdWVydGEtQmF0aWVudGUtVG9zY2FuYS00LnBuZyIsInNsaWRlc2hvdyI6IjlkNmIwMTUifQ%3D%3D\" href='https:\/\/www.alhersaperfiletto.com.mx\/wp-content\/uploads\/2023\/07\/Puerta-Batiente-Toscana-4.png'><img decoding=\"async\" width=\"2000\" height=\"1428\" src=\"https:\/\/www.alhersaperfiletto.com.mx\/wp-content\/uploads\/2023\/07\/Puerta-Batiente-Toscana-4.png\" class=\"attachment-full size-full\" alt=\"\" srcset=\"https:\/\/www.alhersaperfiletto.com.mx\/wp-content\/uploads\/2023\/07\/Puerta-Batiente-Toscana-4.png 2000w, https:\/\/www.alhersaperfiletto.com.mx\/wp-content\/uploads\/2023\/07\/Puerta-Batiente-Toscana-4-300x214.png 300w, https:\/\/www.alhersaperfiletto.com.mx\/wp-content\/uploads\/2023\/07\/Puerta-Batiente-Toscana-4-1024x731.png 1024w, https:\/\/www.alhersaperfiletto.com.mx\/wp-content\/uploads\/2023\/07\/Puerta-Batiente-Toscana-4-768x548.png 768w, https:\/\/www.alhersaperfiletto.com.mx\/wp-content\/uploads\/2023\/07\/Puerta-Batiente-Toscana-4-1536x1097.png 1536w, https:\/\/www.alhersaperfiletto.com.mx\/wp-content\/uploads\/2023\/07\/Puerta-Batiente-Toscana-4-600x428.png 600w\" sizes=\"(max-width: 2000px) 100vw, 2000px\" \/><\/a>\n\t\t\t<\/div><\/figure><figure class='gallery-item'>\n\t\t\t<div class='gallery-icon landscape'>\n\t\t\t\t<a data-elementor-open-lightbox=\"yes\" data-elementor-lightbox-slideshow=\"9d6b015\" data-elementor-lightbox-title=\"26617 - Duela Lisa\" data-e-action-hash=\"#elementor-action%3Aaction%3Dlightbox%26settings%3DeyJpZCI6MjY4NiwidXJsIjoiaHR0cHM6XC9cL3d3dy5hbGhlcnNhcGVyZmlsZXR0by5jb20ubXhcL3dwLWNvbnRlbnRcL3VwbG9hZHNcLzIwMjNcLzA3XC9QdWVydGEtQmF0aWVudGUtVG9zY2FuYS0zLnBuZyIsInNsaWRlc2hvdyI6IjlkNmIwMTUifQ%3D%3D\" href='https:\/\/www.alhersaperfiletto.com.mx\/wp-content\/uploads\/2023\/07\/Puerta-Batiente-Toscana-3.png'><img decoding=\"async\" width=\"2000\" height=\"1428\" src=\"https:\/\/www.alhersaperfiletto.com.mx\/wp-content\/uploads\/2023\/07\/Puerta-Batiente-Toscana-3.png\" class=\"attachment-full size-full\" alt=\"\" srcset=\"https:\/\/www.alhersaperfiletto.com.mx\/wp-content\/uploads\/2023\/07\/Puerta-Batiente-Toscana-3.png 2000w, https:\/\/www.alhersaperfiletto.com.mx\/wp-content\/uploads\/2023\/07\/Puerta-Batiente-Toscana-3-300x214.png 300w, https:\/\/www.alhersaperfiletto.com.mx\/wp-content\/uploads\/2023\/07\/Puerta-Batiente-Toscana-3-1024x731.png 1024w, https:\/\/www.alhersaperfiletto.com.mx\/wp-content\/uploads\/2023\/07\/Puerta-Batiente-Toscana-3-768x548.png 768w, https:\/\/www.alhersaperfiletto.com.mx\/wp-content\/uploads\/2023\/07\/Puerta-Batiente-Toscana-3-1536x1097.png 1536w, https:\/\/www.alhersaperfiletto.com.mx\/wp-content\/uploads\/2023\/07\/Puerta-Batiente-Toscana-3-600x428.png 600w\" sizes=\"(max-width: 2000px) 100vw, 2000px\" \/><\/a>\n\t\t\t<\/div><\/figure><figure class='gallery-item'>\n\t\t\t<div class='gallery-icon landscape'>\n\t\t\t\t<a data-elementor-open-lightbox=\"yes\" data-elementor-lightbox-slideshow=\"9d6b015\" data-elementor-lightbox-title=\"4045 - Soporte\" data-e-action-hash=\"#elementor-action%3Aaction%3Dlightbox%26settings%3DeyJpZCI6MjY4NSwidXJsIjoiaHR0cHM6XC9cL3d3dy5hbGhlcnNhcGVyZmlsZXR0by5jb20ubXhcL3dwLWNvbnRlbnRcL3VwbG9hZHNcLzIwMjNcLzA3XC9QdWVydGEtQmF0aWVudGUtVG9zY2FuYS0yLnBuZyIsInNsaWRlc2hvdyI6IjlkNmIwMTUifQ%3D%3D\" href='https:\/\/www.alhersaperfiletto.com.mx\/wp-content\/uploads\/2023\/07\/Puerta-Batiente-Toscana-2.png'><img loading=\"lazy\" decoding=\"async\" width=\"2000\" height=\"1428\" src=\"https:\/\/www.alhersaperfiletto.com.mx\/wp-content\/uploads\/2023\/07\/Puerta-Batiente-Toscana-2.png\" class=\"attachment-full size-full\" alt=\"\" srcset=\"https:\/\/www.alhersaperfiletto.com.mx\/wp-content\/uploads\/2023\/07\/Puerta-Batiente-Toscana-2.png 2000w, https:\/\/www.alhersaperfiletto.com.mx\/wp-content\/uploads\/2023\/07\/Puerta-Batiente-Toscana-2-300x214.png 300w, https:\/\/www.alhersaperfiletto.com.mx\/wp-content\/uploads\/2023\/07\/Puerta-Batiente-Toscana-2-1024x731.png 1024w, https:\/\/www.alhersaperfiletto.com.mx\/wp-content\/uploads\/2023\/07\/Puerta-Batiente-Toscana-2-768x548.png 768w, https:\/\/www.alhersaperfiletto.com.mx\/wp-content\/uploads\/2023\/07\/Puerta-Batiente-Toscana-2-1536x1097.png 1536w, https:\/\/www.alhersaperfiletto.com.mx\/wp-content\/uploads\/2023\/07\/Puerta-Batiente-Toscana-2-600x428.png 600w\" sizes=\"(max-width: 2000px) 100vw, 2000px\" \/><\/a>\n\t\t\t<\/div><\/figure>\n\t\t<\/div>\n\t\t<\/div>\n\t\t\t\t\t\t<\/div>\n\t\t\t\t<\/div>\n\t\t\t\t\t<\/div>\n\t\t<\/div>\n\t\t\t\t<div class=\"elementor-column elementor-col-33 elementor-top-column elementor-element elementor-element-d51d325\" data-id=\"d51d325\" data-element_type=\"column\" data-e-type=\"column\">\n\t\t\t<div class=\"elementor-widget-wrap elementor-element-populated\">\n\t\t\t\t\t\t<div class=\"elementor-element elementor-element-6296814 elementor-align-start elementor-icon-list--layout-traditional elementor-list-item-link-full_width elementor-widget elementor-widget-icon-list\" data-id=\"6296814\" data-element_type=\"widget\" data-e-type=\"widget\" data-widget_type=\"icon-list.default\">\n\t\t\t\t<div class=\"elementor-widget-container\">\n\t\t\t\t\t\t\t<ul class=\"elementor-icon-list-items\">\n\t\t\t\t\t\t\t<li class=\"elementor-icon-list-item\">\n\t\t\t\t\t\t\t\t\t\t\t<a href=\"https:\/\/www.alhersaperfiletto.com.mx\/?page_id=1543(abre%20en%20una%20nueva%20pesta\u00f1a)\">\n\n\t\t\t\t\t\t\t\t\t\t\t\t<span class=\"elementor-icon-list-icon\">\n\t\t\t\t\t\t\t<i aria-hidden=\"true\" class=\"fas fa-caret-right\"><\/i>\t\t\t\t\t\t<\/span>\n\t\t\t\t\t\t\t\t\t\t<span class=\"elementor-icon-list-text\">L\u00ednea Light<\/span>\n\t\t\t\t\t\t\t\t\t\t\t<\/a>\n\t\t\t\t\t\t\t\t\t<\/li>\n\t\t\t\t\t\t\t\t<li class=\"elementor-icon-list-item\">\n\t\t\t\t\t\t\t\t\t\t\t<a href=\"https:\/\/www.alhersaperfiletto.com.mx\/?page_id=1611(abre%20en%20una%20nueva%20pesta\u00f1a)\">\n\n\t\t\t\t\t\t\t\t\t\t\t\t<span class=\"elementor-icon-list-icon\">\n\t\t\t\t\t\t\t<i aria-hidden=\"true\" class=\"fas fa-caret-right\"><\/i>\t\t\t\t\t\t<\/span>\n\t\t\t\t\t\t\t\t\t\t<span class=\"elementor-icon-list-text\">L\u00ednea 2\"<\/span>\n\t\t\t\t\t\t\t\t\t\t\t<\/a>\n\t\t\t\t\t\t\t\t\t<\/li>\n\t\t\t\t\t\t\t\t<li class=\"elementor-icon-list-item\">\n\t\t\t\t\t\t\t\t\t\t\t<a href=\"https:\/\/www.alhersaperfiletto.com.mx\/?page_id=1837(abre%20en%20una%20nueva%20pesta\u00f1a)\">\n\n\t\t\t\t\t\t\t\t\t\t\t\t<span class=\"elementor-icon-list-icon\">\n\t\t\t\t\t\t\t<i aria-hidden=\"true\" class=\"fas fa-caret-right\"><\/i>\t\t\t\t\t\t<\/span>\n\t\t\t\t\t\t\t\t\t\t<span class=\"elementor-icon-list-text\">L\u00ednea 3\"<\/span>\n\t\t\t\t\t\t\t\t\t\t\t<\/a>\n\t\t\t\t\t\t\t\t\t<\/li>\n\t\t\t\t\t\t\t\t<li class=\"elementor-icon-list-item\">\n\t\t\t\t\t\t\t\t\t\t\t<a href=\"https:\/\/www.alhersaperfiletto.com.mx\/?page_id=2021(abre%20en%20una%20nueva%20pesta\u00f1a)\">\n\n\t\t\t\t\t\t\t\t\t\t\t\t<span class=\"elementor-icon-list-icon\">\n\t\t\t\t\t\t\t<i aria-hidden=\"true\" class=\"fas fa-caret-right\"><\/i>\t\t\t\t\t\t<\/span>\n\t\t\t\t\t\t\t\t\t\t<span class=\"elementor-icon-list-text\">Puerta Batiente Multidise\u00f1os<\/span>\n\t\t\t\t\t\t\t\t\t\t\t<\/a>\n\t\t\t\t\t\t\t\t\t<\/li>\n\t\t\t\t\t\t\t\t<li class=\"elementor-icon-list-item\">\n\t\t\t\t\t\t\t\t\t\t\t<a href=\"https:\/\/www.alhersaperfiletto.com.mx\/?page_id=2097(abre%20en%20una%20nueva%20pesta\u00f1a)\">\n\n\t\t\t\t\t\t\t\t\t\t\t\t<span class=\"elementor-icon-list-icon\">\n\t\t\t\t\t\t\t<i aria-hidden=\"true\" class=\"fas fa-caret-right\"><\/i>\t\t\t\t\t\t<\/span>\n\t\t\t\t\t\t\t\t\t\t<span class=\"elementor-icon-list-text\">Serie 70<\/span>\n\t\t\t\t\t\t\t\t\t\t\t<\/a>\n\t\t\t\t\t\t\t\t\t<\/li>\n\t\t\t\t\t\t\t\t<li class=\"elementor-icon-list-item\">\n\t\t\t\t\t\t\t\t\t\t\t<a href=\"https:\/\/www.alhersaperfiletto.com.mx\/?page_id=2208(abre%20en%20una%20nueva%20pesta\u00f1a)\">\n\n\t\t\t\t\t\t\t\t\t\t\t\t<span class=\"elementor-icon-list-icon\">\n\t\t\t\t\t\t\t<i aria-hidden=\"true\" class=\"fas fa-caret-right\"><\/i>\t\t\t\t\t\t<\/span>\n\t\t\t\t\t\t\t\t\t\t<span class=\"elementor-icon-list-text\">Serie 80<\/span>\n\t\t\t\t\t\t\t\t\t\t\t<\/a>\n\t\t\t\t\t\t\t\t\t<\/li>\n\t\t\t\t\t\t\t\t<li class=\"elementor-icon-list-item\">\n\t\t\t\t\t\t\t\t\t\t\t<a href=\"https:\/\/www.alhersaperfiletto.com.mx\/?page_id=2210(abre%20en%20una%20nueva%20pesta\u00f1a)\">\n\n\t\t\t\t\t\t\t\t\t\t\t\t<span class=\"elementor-icon-list-icon\">\n\t\t\t\t\t\t\t<i aria-hidden=\"true\" class=\"fas fa-caret-right\"><\/i>\t\t\t\t\t\t<\/span>\n\t\t\t\t\t\t\t\t\t\t<span class=\"elementor-icon-list-text\">Serie 100<\/span>\n\t\t\t\t\t\t\t\t\t\t\t<\/a>\n\t\t\t\t\t\t\t\t\t<\/li>\n\t\t\t\t\t\t\t\t<li class=\"elementor-icon-list-item\">\n\t\t\t\t\t\t\t\t\t\t\t<a href=\"https:\/\/www.alhersaperfiletto.com.mx\/?page_id=2221(abre%20en%20una%20nueva%20pesta\u00f1a)\">\n\n\t\t\t\t\t\t\t\t\t\t\t\t<span class=\"elementor-icon-list-icon\">\n\t\t\t\t\t\t\t<i aria-hidden=\"true\" class=\"fas fa-caret-right\"><\/i>\t\t\t\t\t\t<\/span>\n\t\t\t\t\t\t\t\t\t\t<span class=\"elementor-icon-list-text\">Puerta Batiente Toscana<\/span>\n\t\t\t\t\t\t\t\t\t\t\t<\/a>\n\t\t\t\t\t\t\t\t\t<\/li>\n\t\t\t\t\t\t\t\t<li class=\"elementor-icon-list-item\">\n\t\t\t\t\t\t\t\t\t\t\t<a href=\"https:\/\/www.alhersaperfiletto.com.mx\/?page_id=2224(abre%20en%20una%20nueva%20pesta\u00f1a)\">\n\n\t\t\t\t\t\t\t\t\t\t\t\t<span class=\"elementor-icon-list-icon\">\n\t\t\t\t\t\t\t<i aria-hidden=\"true\" class=\"fas fa-caret-right\"><\/i>\t\t\t\t\t\t<\/span>\n\t\t\t\t\t\t\t\t\t\t<span class=\"elementor-icon-list-text\">Puerta Batiente Monumental<\/span>\n\t\t\t\t\t\t\t\t\t\t\t<\/a>\n\t\t\t\t\t\t\t\t\t<\/li>\n\t\t\t\t\t\t\t\t<li class=\"elementor-icon-list-item\">\n\t\t\t\t\t\t\t\t\t\t\t<a href=\"https:\/\/www.alhersaperfiletto.com.mx\/?page_id=2222(abre%20en%20una%20nueva%20pesta\u00f1a)\">\n\n\t\t\t\t\t\t\t\t\t\t\t\t<span class=\"elementor-icon-list-icon\">\n\t\t\t\t\t\t\t<i aria-hidden=\"true\" class=\"fas fa-caret-right\"><\/i>\t\t\t\t\t\t<\/span>\n\t\t\t\t\t\t\t\t\t\t<span class=\"elementor-icon-list-text\">Puerta Batiente Forza<\/span>\n\t\t\t\t\t\t\t\t\t\t\t<\/a>\n\t\t\t\t\t\t\t\t\t<\/li>\n\t\t\t\t\t\t\t\t<li class=\"elementor-icon-list-item\">\n\t\t\t\t\t\t\t\t\t\t\t<a href=\"https:\/\/www.alhersaperfiletto.com.mx\/?page_id=2223(abre%20en%20una%20nueva%20pesta\u00f1a)\">\n\n\t\t\t\t\t\t\t\t\t\t\t\t<span class=\"elementor-icon-list-icon\">\n\t\t\t\t\t\t\t<i aria-hidden=\"true\" class=\"fas fa-caret-right\"><\/i>\t\t\t\t\t\t<\/span>\n\t\t\t\t\t\t\t\t\t\t<span class=\"elementor-icon-list-text\">Serie 35<\/span>\n\t\t\t\t\t\t\t\t\t\t\t<\/a>\n\t\t\t\t\t\t\t\t\t<\/li>\n\t\t\t\t\t\t\t\t<li class=\"elementor-icon-list-item\">\n\t\t\t\t\t\t\t\t\t\t\t<a href=\"https:\/\/www.alhersaperfiletto.com.mx\/?page_id=2241(abre%20en%20una%20nueva%20pesta\u00f1a)\">\n\n\t\t\t\t\t\t\t\t\t\t\t\t<span class=\"elementor-icon-list-icon\">\n\t\t\t\t\t\t\t<i aria-hidden=\"true\" class=\"fas fa-caret-right\"><\/i>\t\t\t\t\t\t<\/span>\n\t\t\t\t\t\t\t\t\t\t<span class=\"elementor-icon-list-text\">Serie 50<\/span>\n\t\t\t\t\t\t\t\t\t\t\t<\/a>\n\t\t\t\t\t\t\t\t\t<\/li>\n\t\t\t\t\t\t\t\t<li class=\"elementor-icon-list-item\">\n\t\t\t\t\t\t\t\t\t\t\t<a href=\"https:\/\/www.alhersaperfiletto.com.mx\/?page_id=2252(abre%20en%20una%20nueva%20pesta\u00f1a)\">\n\n\t\t\t\t\t\t\t\t\t\t\t\t<span class=\"elementor-icon-list-icon\">\n\t\t\t\t\t\t\t<i aria-hidden=\"true\" class=\"fas fa-caret-right\"><\/i>\t\t\t\t\t\t<\/span>\n\t\t\t\t\t\t\t\t\t\t<span class=\"elementor-icon-list-text\">Mosquitero Enrollable<\/span>\n\t\t\t\t\t\t\t\t\t\t\t<\/a>\n\t\t\t\t\t\t\t\t\t<\/li>\n\t\t\t\t\t\t\t\t<li class=\"elementor-icon-list-item\">\n\t\t\t\t\t\t\t\t\t\t\t<a href=\"https:\/\/www.alhersaperfiletto.com.mx\/?page_id=2257(abre%20en%20una%20nueva%20pesta\u00f1a)\">\n\n\t\t\t\t\t\t\t\t\t\t\t\t<span class=\"elementor-icon-list-icon\">\n\t\t\t\t\t\t\t<i aria-hidden=\"true\" class=\"fas fa-caret-right\"><\/i>\t\t\t\t\t\t<\/span>\n\t\t\t\t\t\t\t\t\t\t<span class=\"elementor-icon-list-text\">L\u00ednea 1400<\/span>\n\t\t\t\t\t\t\t\t\t\t\t<\/a>\n\t\t\t\t\t\t\t\t\t<\/li>\n\t\t\t\t\t\t\t\t<li class=\"elementor-icon-list-item\">\n\t\t\t\t\t\t\t\t\t\t\t<a href=\"https:\/\/www.alhersaperfiletto.com.mx\/?page_id=2259(abre%20en%20una%20nueva%20pesta\u00f1a)\">\n\n\t\t\t\t\t\t\t\t\t\t\t\t<span class=\"elementor-icon-list-icon\">\n\t\t\t\t\t\t\t<i aria-hidden=\"true\" class=\"fas fa-caret-right\"><\/i>\t\t\t\t\t\t<\/span>\n\t\t\t\t\t\t\t\t\t\t<span class=\"elementor-icon-list-text\">Celos\u00eda Fija y Rompe Vistas<\/span>\n\t\t\t\t\t\t\t\t\t\t\t<\/a>\n\t\t\t\t\t\t\t\t\t<\/li>\n\t\t\t\t\t\t\t\t<li class=\"elementor-icon-list-item\">\n\t\t\t\t\t\t\t\t\t\t\t<a href=\"https:\/\/www.alhersaperfiletto.com.mx\/?page_id=2269(abre%20en%20una%20nueva%20pesta\u00f1a)\">\n\n\t\t\t\t\t\t\t\t\t\t\t\t<span class=\"elementor-icon-list-icon\">\n\t\t\t\t\t\t\t<i aria-hidden=\"true\" class=\"fas fa-caret-right\"><\/i>\t\t\t\t\t\t<\/span>\n\t\t\t\t\t\t\t\t\t\t<span class=\"elementor-icon-list-text\">Duelas<\/span>\n\t\t\t\t\t\t\t\t\t\t\t<\/a>\n\t\t\t\t\t\t\t\t\t<\/li>\n\t\t\t\t\t\t\t\t<li class=\"elementor-icon-list-item\">\n\t\t\t\t\t\t\t\t\t\t\t<a href=\"https:\/\/www.alhersaperfiletto.com.mx\/?page_id=2268(abre%20en%20una%20nueva%20pesta\u00f1a)\">\n\n\t\t\t\t\t\t\t\t\t\t\t\t<span class=\"elementor-icon-list-icon\">\n\t\t\t\t\t\t\t<i aria-hidden=\"true\" class=\"fas fa-caret-right\"><\/i>\t\t\t\t\t\t<\/span>\n\t\t\t\t\t\t\t\t\t\t<span class=\"elementor-icon-list-text\">Pasamanos y Zoclos Especiales<\/span>\n\t\t\t\t\t\t\t\t\t\t\t<\/a>\n\t\t\t\t\t\t\t\t\t<\/li>\n\t\t\t\t\t\t\t\t<li class=\"elementor-icon-list-item\">\n\t\t\t\t\t\t\t\t\t\t\t<a href=\"https:\/\/www.alhersaperfiletto.com.mx\/?page_id=2267(abre%20en%20una%20nueva%20pesta\u00f1a)\">\n\n\t\t\t\t\t\t\t\t\t\t\t\t<span class=\"elementor-icon-list-icon\">\n\t\t\t\t\t\t\t<i aria-hidden=\"true\" class=\"fas fa-caret-right\"><\/i>\t\t\t\t\t\t<\/span>\n\t\t\t\t\t\t\t\t\t\t<span class=\"elementor-icon-list-text\">Cancel de Ba\u00f1o<\/span>\n\t\t\t\t\t\t\t\t\t\t\t<\/a>\n\t\t\t\t\t\t\t\t\t<\/li>\n\t\t\t\t\t\t\t\t<li class=\"elementor-icon-list-item\">\n\t\t\t\t\t\t\t\t\t\t\t<a href=\"https:\/\/www.alhersaperfiletto.com.mx\/?page_id=2266(abre%20en%20una%20nueva%20pesta\u00f1a)\">\n\n\t\t\t\t\t\t\t\t\t\t\t\t<span class=\"elementor-icon-list-icon\">\n\t\t\t\t\t\t\t<i aria-hidden=\"true\" class=\"fas fa-caret-right\"><\/i>\t\t\t\t\t\t<\/span>\n\t\t\t\t\t\t\t\t\t\t<span class=\"elementor-icon-list-text\">Fachada Integral<\/span>\n\t\t\t\t\t\t\t\t\t\t\t<\/a>\n\t\t\t\t\t\t\t\t\t<\/li>\n\t\t\t\t\t\t\t\t<li class=\"elementor-icon-list-item\">\n\t\t\t\t\t\t\t\t\t\t\t<a href=\"https:\/\/www.alhersaperfiletto.com.mx\/?page_id=2265(abre%20en%20una%20nueva%20pesta\u00f1a)\">\n\n\t\t\t\t\t\t\t\t\t\t\t\t<span class=\"elementor-icon-list-icon\">\n\t\t\t\t\t\t\t<i aria-hidden=\"true\" class=\"fas fa-caret-right\"><\/i>\t\t\t\t\t\t<\/span>\n\t\t\t\t\t\t\t\t\t\t<span class=\"elementor-icon-list-text\">Tubos Cuadrados<\/span>\n\t\t\t\t\t\t\t\t\t\t\t<\/a>\n\t\t\t\t\t\t\t\t\t<\/li>\n\t\t\t\t\t\t\t\t<li class=\"elementor-icon-list-item\">\n\t\t\t\t\t\t\t\t\t\t\t<a href=\"https:\/\/www.alhersaperfiletto.com.mx\/?page_id=2264(abre%20en%20una%20nueva%20pesta\u00f1a)\">\n\n\t\t\t\t\t\t\t\t\t\t\t\t<span class=\"elementor-icon-list-icon\">\n\t\t\t\t\t\t\t<i aria-hidden=\"true\" class=\"fas fa-caret-right\"><\/i>\t\t\t\t\t\t<\/span>\n\t\t\t\t\t\t\t\t\t\t<span class=\"elementor-icon-list-text\">Tubos Redondos<\/span>\n\t\t\t\t\t\t\t\t\t\t\t<\/a>\n\t\t\t\t\t\t\t\t\t<\/li>\n\t\t\t\t\t\t\t\t<li class=\"elementor-icon-list-item\">\n\t\t\t\t\t\t\t\t\t\t\t<a href=\"https:\/\/www.alhersaperfiletto.com.mx\/?page_id=2347(abre%20en%20una%20nueva%20pesta\u00f1a)\">\n\n\t\t\t\t\t\t\t\t\t\t\t\t<span class=\"elementor-icon-list-icon\">\n\t\t\t\t\t\t\t<i aria-hidden=\"true\" class=\"fas fa-caret-right\"><\/i>\t\t\t\t\t\t<\/span>\n\t\t\t\t\t\t\t\t\t\t<span class=\"elementor-icon-list-text\">Tubos Rectangulares<\/span>\n\t\t\t\t\t\t\t\t\t\t\t<\/a>\n\t\t\t\t\t\t\t\t\t<\/li>\n\t\t\t\t\t\t\t\t<li class=\"elementor-icon-list-item\">\n\t\t\t\t\t\t\t\t\t\t\t<a href=\"https:\/\/www.alhersaperfiletto.com.mx\/?page_id=2263(abre%20en%20una%20nueva%20pesta\u00f1a)\">\n\n\t\t\t\t\t\t\t\t\t\t\t\t<span class=\"elementor-icon-list-icon\">\n\t\t\t\t\t\t\t<i aria-hidden=\"true\" class=\"fas fa-caret-right\"><\/i>\t\t\t\t\t\t<\/span>\n\t\t\t\t\t\t\t\t\t\t<span class=\"elementor-icon-list-text\">Vigas<\/span>\n\t\t\t\t\t\t\t\t\t\t\t<\/a>\n\t\t\t\t\t\t\t\t\t<\/li>\n\t\t\t\t\t\t\t\t<li class=\"elementor-icon-list-item\">\n\t\t\t\t\t\t\t\t\t\t\t<a href=\"https:\/\/www.alhersaperfiletto.com.mx\/?page_id=2262(abre%20en%20una%20nueva%20pesta\u00f1a)\">\n\n\t\t\t\t\t\t\t\t\t\t\t\t<span class=\"elementor-icon-list-icon\">\n\t\t\t\t\t\t\t<i aria-hidden=\"true\" class=\"fas fa-caret-right\"><\/i>\t\t\t\t\t\t<\/span>\n\t\t\t\t\t\t\t\t\t\t<span class=\"elementor-icon-list-text\">Perfiles para Domo<\/span>\n\t\t\t\t\t\t\t\t\t\t\t<\/a>\n\t\t\t\t\t\t\t\t\t<\/li>\n\t\t\t\t\t\t\t\t<li class=\"elementor-icon-list-item\">\n\t\t\t\t\t\t\t\t\t\t\t<a href=\"https:\/\/www.alhersaperfiletto.com.mx\/?page_id=2261(abre%20en%20una%20nueva%20pesta\u00f1a)\">\n\n\t\t\t\t\t\t\t\t\t\t\t\t<span class=\"elementor-icon-list-icon\">\n\t\t\t\t\t\t\t<i aria-hidden=\"true\" class=\"fas fa-caret-right\"><\/i>\t\t\t\t\t\t<\/span>\n\t\t\t\t\t\t\t\t\t\t<span class=\"elementor-icon-list-text\">\u00c1ngulos y Soleras<\/span>\n\t\t\t\t\t\t\t\t\t\t\t<\/a>\n\t\t\t\t\t\t\t\t\t<\/li>\n\t\t\t\t\t\t\t\t<li class=\"elementor-icon-list-item\">\n\t\t\t\t\t\t\t\t\t\t\t<a href=\"https:\/\/www.alhersaperfiletto.com.mx\/?page_id=2260(abre%20en%20una%20nueva%20pesta\u00f1a)\">\n\n\t\t\t\t\t\t\t\t\t\t\t\t<span class=\"elementor-icon-list-icon\">\n\t\t\t\t\t\t\t<i aria-hidden=\"true\" class=\"fas fa-caret-right\"><\/i>\t\t\t\t\t\t<\/span>\n\t\t\t\t\t\t\t\t\t\t<span class=\"elementor-icon-list-text\">Complementarios<\/span>\n\t\t\t\t\t\t\t\t\t\t\t<\/a>\n\t\t\t\t\t\t\t\t\t<\/li>\n\t\t\t\t\t\t\t\t<li class=\"elementor-icon-list-item\">\n\t\t\t\t\t\t\t\t\t\t\t<a href=\"https:\/\/www.alhersaperfiletto.com.mx\/?page_id=2335(abre%20en%20una%20nueva%20pesta\u00f1a)\">\n\n\t\t\t\t\t\t\t\t\t\t\t\t<span class=\"elementor-icon-list-icon\">\n\t\t\t\t\t\t\t<i aria-hidden=\"true\" class=\"fas fa-caret-right\"><\/i>\t\t\t\t\t\t<\/span>\n\t\t\t\t\t\t\t\t\t\t<span class=\"elementor-icon-list-text\">Puerta Plegadiza<\/span>\n\t\t\t\t\t\t\t\t\t\t\t<\/a>\n\t\t\t\t\t\t\t\t\t<\/li>\n\t\t\t\t\t\t<\/ul>\n\t\t\t\t\t\t<\/div>\n\t\t\t\t<\/div>\n\t\t\t\t\t<\/div>\n\t\t<\/div>\n\t\t\t\t\t<\/div>\n\t\t<\/section>\n\t\t\t\t<section class=\"elementor-section elementor-top-section elementor-element elementor-element-da51ef6 elementor-section-boxed elementor-section-height-default elementor-section-height-default\" data-id=\"da51ef6\" data-element_type=\"section\" data-e-type=\"section\">\n\t\t\t\t\t\t<div class=\"elementor-container elementor-column-gap-default\">\n\t\t\t\t\t<div class=\"elementor-column elementor-col-100 elementor-top-column elementor-element elementor-element-62e9b58\" data-id=\"62e9b58\" data-element_type=\"column\" data-e-type=\"column\">\n\t\t\t<div class=\"elementor-widget-wrap elementor-element-populated\">\n\t\t\t\t\t\t<div class=\"elementor-element elementor-element-09d8948 elementor-widget elementor-widget-spacer\" data-id=\"09d8948\" data-element_type=\"widget\" data-e-type=\"widget\" data-widget_type=\"spacer.default\">\n\t\t\t\t<div class=\"elementor-widget-container\">\n\t\t\t\t\t\t\t<div class=\"elementor-spacer\">\n\t\t\t<div class=\"elementor-spacer-inner\"><\/div>\n\t\t<\/div>\n\t\t\t\t\t\t<\/div>\n\t\t\t\t<\/div>\n\t\t\t\t\t<\/div>\n\t\t<\/div>\n\t\t\t\t\t<\/div>\n\t\t<\/section>\n\t\t\t\t<\/div>\n\t\t","protected":false},"excerpt":{"rendered":"<p>Puerta Batiente Toscana L\u00ednea Light L\u00ednea 2&#8243; L\u00ednea 3&#8243; Puerta Batiente Multidise\u00f1os Serie 70 Serie 80 Serie 100 Puerta Batiente Toscana Puerta Batiente Monumental Puerta &hellip;<\/p>\n","protected":false},"author":1,"featured_media":0,"parent":0,"menu_order":0,"comment_status":"closed","ping_status":"closed","template":"","meta":{"_eb_attr":"","_uag_custom_page_level_css":"","two_page_speed":[],"footnotes":""},"class_list":["post-2221","page","type-page","status-publish","hentry"],"uagb_featured_image_src":{"full":false,"thumbnail":false,"medium":false,"medium_large":false,"large":false,"1536x1536":false,"2048x2048":false,"bm-post-thumb":false,"bm-post-medium":false,"post-thumbnail":false,"bravada-featured":false,"bravada-featured-lp":false,"bravada-featured-half":false,"bravada-featured-third":false,"bravada-lpbox-1":false,"bravada-lpbox-2":false,"tenweb_optimizer_mobile":false,"tenweb_optimizer_tablet":false},"uagb_author_info":{"display_name":"alhersa","author_link":"https:\/\/www.alhersaperfiletto.com.mx\/?author=1"},"uagb_comment_info":0,"uagb_excerpt":"Puerta Batiente Toscana L\u00ednea Light L\u00ednea 2&#8243; L\u00ednea 3&#8243; Puerta Batiente Multidise\u00f1os Serie 70 Serie 80 Serie 100 Puerta Batiente Toscana Puerta Batiente Monumental Puerta &hellip;","_links":{"self":[{"href":"https:\/\/www.alhersaperfiletto.com.mx\/index.php?rest_route=\/wp\/v2\/pages\/2221","targetHints":{"allow":["GET"]}}],"collection":[{"href":"https:\/\/www.alhersaperfiletto.com.mx\/index.php?rest_route=\/wp\/v2\/pages"}],"about":[{"href":"https:\/\/www.alhersaperfiletto.com.mx\/index.php?rest_route=\/wp\/v2\/types\/page"}],"author":[{"embeddable":true,"href":"https:\/\/www.alhersaperfiletto.com.mx\/index.php?rest_route=\/wp\/v2\/users\/1"}],"replies":[{"embeddable":true,"href":"https:\/\/www.alhersaperfiletto.com.mx\/index.php?rest_route=%2Fwp%2Fv2%2Fcomments&post=2221"}],"version-history":[{"count":17,"href":"https:\/\/www.alhersaperfiletto.com.mx\/index.php?rest_route=\/wp\/v2\/pages\/2221\/revisions"}],"predecessor-version":[{"id":6472,"href":"https:\/\/www.alhersaperfiletto.com.mx\/index.php?rest_route=\/wp\/v2\/pages\/2221\/revisions\/6472"}],"wp:attachment":[{"href":"https:\/\/www.alhersaperfiletto.com.mx\/index.php?rest_route=%2Fwp%2Fv2%2Fmedia&parent=2221"}],"curies":[{"name":"wp","href":"https:\/\/api.w.org\/{rel}","templated":true}]}}